{"id":308,"date":"2020-10-26T11:44:27","date_gmt":"2020-10-26T11:44:27","guid":{"rendered":"https:\/\/yourlettersfrompatrick.com\/product\/subscription-product-1\/"},"modified":"2024-09-07T16:00:24","modified_gmt":"2024-09-07T16:00:24","slug":"kas-menesi","status":"publish","type":"product","link":"https:\/\/yourlettersfrompatrick.com\/lt\/product\/kas-menesi\/","title":{"rendered":"Kas m\u0117nes\u012f"},"content":{"rendered":"","protected":false},"excerpt":{"rendered":"","protected":false},"featured_media":440,"template":"","meta":{"_acf_changed":false},"product_cat":[18],"product_tag":[],"class_list":["post-308","product","type-product","status-publish","has-post-thumbnail","hentry","product_cat-prenumeratos"],"acf":[],"yoast_head":"<!-- This site is optimized with the Yoast SEO plugin v20.12 - https:\/\/yoast.com\/wordpress\/plugins\/seo\/ -->\n<title>Kas m\u0117nes\u012f - Your Letters From Patrick<\/title>\n<meta name=\"description\" content=\"Personalizuoti lai\u0161kai vaikams.\" \/>\n<meta name=\"robots\" content=\"index, follow, max-snippet:-1, max-image-preview:large, max-video-preview:-1\" \/>\n<link rel=\"canonical\" href=\"https:\/\/yourlettersfrompatrick.com\/lt\/product\/kas-menesi\/\" \/>\n<meta property=\"og:locale\" content=\"lt_LT\" \/>\n<meta property=\"og:type\" content=\"article\" \/>\n<meta property=\"og:title\" content=\"Kas m\u0117nes\u012f - Your Letters From Patrick\" \/>\n<meta property=\"og:description\" content=\"Personalizuoti lai\u0161kai vaikams.\" \/>\n<meta property=\"og:url\" content=\"https:\/\/yourlettersfrompatrick.com\/lt\/product\/kas-menesi\/\" \/>\n<meta property=\"og:site_name\" content=\"Your Letters From Patrick\" \/>\n<meta property=\"article:modified_time\" content=\"2024-09-07T16:00:24+00:00\" \/>\n<meta property=\"og:image\" content=\"https:\/\/yourlettersfrompatrick.com\/wp-content\/uploads\/2020\/10\/001-Subscribe.png\" \/>\n\t<meta property=\"og:image:width\" content=\"273\" \/>\n\t<meta property=\"og:image:height\" content=\"273\" \/>\n\t<meta property=\"og:image:type\" content=\"image\/png\" \/>\n<meta name=\"twitter:card\" content=\"summary_large_image\" \/>\n<script type=\"application\/ld+json\" class=\"yoast-schema-graph\">{\"@context\":\"https:\/\/schema.org\",\"@graph\":[{\"@type\":\"WebPage\",\"@id\":\"https:\/\/yourlettersfrompatrick.com\/lt\/product\/kas-menesi\/\",\"url\":\"https:\/\/yourlettersfrompatrick.com\/lt\/product\/kas-menesi\/\",\"name\":\"Kas m\u0117nes\u012f - Your Letters From Patrick\",\"isPartOf\":{\"@id\":\"https:\/\/yourlettersfrompatrick.com\/lt\/#website\"},\"datePublished\":\"2020-10-26T11:44:27+00:00\",\"dateModified\":\"2024-09-07T16:00:24+00:00\",\"description\":\"Personalizuoti lai\u0161kai vaikams.\",\"breadcrumb\":{\"@id\":\"https:\/\/yourlettersfrompatrick.com\/lt\/product\/kas-menesi\/#breadcrumb\"},\"inLanguage\":\"lt-LT\",\"potentialAction\":[{\"@type\":\"ReadAction\",\"target\":[\"https:\/\/yourlettersfrompatrick.com\/lt\/product\/kas-menesi\/\"]}]},{\"@type\":\"BreadcrumbList\",\"@id\":\"https:\/\/yourlettersfrompatrick.com\/lt\/product\/kas-menesi\/#breadcrumb\",\"itemListElement\":[{\"@type\":\"ListItem\",\"position\":1,\"name\":\"Home\",\"item\":\"https:\/\/yourlettersfrompatrick.com\/lt\/\"},{\"@type\":\"ListItem\",\"position\":2,\"name\":\"Visos prek\u0117s\",\"item\":\"https:\/\/yourlettersfrompatrick.com\/lt\/visos-prekes\/\"},{\"@type\":\"ListItem\",\"position\":3,\"name\":\"Kas m\u0117nes\u012f\"}]},{\"@type\":\"WebSite\",\"@id\":\"https:\/\/yourlettersfrompatrick.com\/lt\/#website\",\"url\":\"https:\/\/yourlettersfrompatrick.com\/lt\/\",\"name\":\"Your Letters From Patrick\",\"description\":\"Letters subscription service\",\"potentialAction\":[{\"@type\":\"SearchAction\",\"target\":{\"@type\":\"EntryPoint\",\"urlTemplate\":\"https:\/\/yourlettersfrompatrick.com\/lt\/?s={search_term_string}\"},\"query-input\":\"required name=search_term_string\"}],\"inLanguage\":\"lt-LT\"}]}<\/script>\n<!-- \/ Yoast SEO plugin. -->","yoast_head_json":{"title":"Kas m\u0117nes\u012f - Your Letters From Patrick","description":"Personalizuoti lai\u0161kai vaikams.","robots":{"index":"index","follow":"follow","max-snippet":"max-snippet:-1","max-image-preview":"max-image-preview:large","max-video-preview":"max-video-preview:-1"},"canonical":"https:\/\/yourlettersfrompatrick.com\/lt\/product\/kas-menesi\/","og_locale":"lt_LT","og_type":"article","og_title":"Kas m\u0117nes\u012f - Your Letters From Patrick","og_description":"Personalizuoti lai\u0161kai vaikams.","og_url":"https:\/\/yourlettersfrompatrick.com\/lt\/product\/kas-menesi\/","og_site_name":"Your Letters From Patrick","article_modified_time":"2024-09-07T16:00:24+00:00","og_image":[{"width":273,"height":273,"url":"https:\/\/yourlettersfrompatrick.com\/wp-content\/uploads\/2020\/10\/001-Subscribe.png","type":"image\/png"}],"twitter_card":"summary_large_image","schema":{"@context":"https:\/\/schema.org","@graph":[{"@type":"WebPage","@id":"https:\/\/yourlettersfrompatrick.com\/lt\/product\/kas-menesi\/","url":"https:\/\/yourlettersfrompatrick.com\/lt\/product\/kas-menesi\/","name":"Kas m\u0117nes\u012f - Your Letters From Patrick","isPartOf":{"@id":"https:\/\/yourlettersfrompatrick.com\/lt\/#website"},"datePublished":"2020-10-26T11:44:27+00:00","dateModified":"2024-09-07T16:00:24+00:00","description":"Personalizuoti lai\u0161kai vaikams.","breadcrumb":{"@id":"https:\/\/yourlettersfrompatrick.com\/lt\/product\/kas-menesi\/#breadcrumb"},"inLanguage":"lt-LT","potentialAction":[{"@type":"ReadAction","target":["https:\/\/yourlettersfrompatrick.com\/lt\/product\/kas-menesi\/"]}]},{"@type":"BreadcrumbList","@id":"https:\/\/yourlettersfrompatrick.com\/lt\/product\/kas-menesi\/#breadcrumb","itemListElement":[{"@type":"ListItem","position":1,"name":"Home","item":"https:\/\/yourlettersfrompatrick.com\/lt\/"},{"@type":"ListItem","position":2,"name":"Visos prek\u0117s","item":"https:\/\/yourlettersfrompatrick.com\/lt\/visos-prekes\/"},{"@type":"ListItem","position":3,"name":"Kas m\u0117nes\u012f"}]},{"@type":"WebSite","@id":"https:\/\/yourlettersfrompatrick.com\/lt\/#website","url":"https:\/\/yourlettersfrompatrick.com\/lt\/","name":"Your Letters From Patrick","description":"Letters subscription service","potentialAction":[{"@type":"SearchAction","target":{"@type":"EntryPoint","urlTemplate":"https:\/\/yourlettersfrompatrick.com\/lt\/?s={search_term_string}"},"query-input":"required name=search_term_string"}],"inLanguage":"lt-LT"}]}},"_links":{"self":[{"href":"https:\/\/yourlettersfrompatrick.com\/lt\/wp-json\/wp\/v2\/product\/308"}],"collection":[{"href":"https:\/\/yourlettersfrompatrick.com\/lt\/wp-json\/wp\/v2\/product"}],"about":[{"href":"https:\/\/yourlettersfrompatrick.com\/lt\/wp-json\/wp\/v2\/types\/product"}],"wp:featuredmedia":[{"embeddable":true,"href":"https:\/\/yourlettersfrompatrick.com\/lt\/wp-json\/wp\/v2\/media\/440"}],"wp:attachment":[{"href":"https:\/\/yourlettersfrompatrick.com\/lt\/wp-json\/wp\/v2\/media?parent=308"}],"wp:term":[{"taxonomy":"product_cat","embeddable":true,"href":"https:\/\/yourlettersfrompatrick.com\/lt\/wp-json\/wp\/v2\/product_cat?post=308"},{"taxonomy":"product_tag","embeddable":true,"href":"https:\/\/yourlettersfrompatrick.com\/lt\/wp-json\/wp\/v2\/product_tag?post=308"}],"curies":[{"name":"wp","href":"https:\/\/api.w.org\/{rel}","templated":true}]}}