{"id":600,"date":"2020-12-08T11:58:31","date_gmt":"2020-12-08T11:58:31","guid":{"rendered":"https:\/\/yourlettersfrompatrick.com\/contact-us\/"},"modified":"2020-12-17T09:57:20","modified_gmt":"2020-12-17T09:57:20","slug":"kontaktu-forma","status":"publish","type":"page","link":"https:\/\/yourlettersfrompatrick.com\/lt\/kontaktu-forma\/","title":{"rendered":"Kontakt\u0173 forma"},"content":{"rendered":"<section class=\"l-section wpb_row height_medium\"><div class=\"l-section-h i-cf\"><div class=\"g-cols vc_row via_flex valign_top type_default\"><div class=\"vc_col-sm-3 wpb_column vc_column_container\"><div class=\"vc_column-inner\"><div class=\"wpb_wrapper\"><\/div><\/div><\/div><div class=\"vc_col-sm-6 wpb_column vc_column_container\"><div class=\"vc_column-inner\"><div class=\"wpb_wrapper\"><div class=\"wpb_text_column\"><div class=\"wpb_wrapper\"><h3>Kontakt\u0173 forma<\/h3>\n<\/div><\/div>\n<div class=\"wpcf7 no-js\" id=\"wpcf7-f603-o1\" lang=\"en-US\" dir=\"ltr\" data-wpcf7-id=\"603\">\n<div class=\"screen-reader-response\"><p role=\"status\" aria-live=\"polite\" aria-atomic=\"true\"><\/p> <ul><\/ul><\/div>\n<form action=\"\/lt\/wp-json\/wp\/v2\/pages\/600#wpcf7-f603-o1\" method=\"post\" class=\"wpcf7-form init\" aria-label=\"Contact form\" novalidate=\"novalidate\" data-status=\"init\">\n<div style=\"display: none;\">\n<input type=\"hidden\" name=\"_wpcf7\" value=\"603\" \/>\n<input type=\"hidden\" name=\"_wpcf7_version\" value=\"6.0.6\" \/>\n<input type=\"hidden\" name=\"_wpcf7_locale\" value=\"en_US\" \/>\n<input type=\"hidden\" name=\"_wpcf7_unit_tag\" value=\"wpcf7-f603-o1\" \/>\n<input type=\"hidden\" name=\"_wpcf7_container_post\" value=\"0\" \/>\n<input type=\"hidden\" name=\"_wpcf7_posted_data_hash\" value=\"\" \/>\n<\/div>\n<p><label> J\u016bs\u0173 vardas<br \/>\n<span class=\"wpcf7-form-control-wrap\" data-name=\"your-name\"><input size=\"40\" maxlength=\"400\" class=\"wpcf7-form-control wpcf7-text wpcf7-validates-as-required\" aria-required=\"true\" aria-invalid=\"false\" value=\"\" type=\"text\" name=\"your-name\" \/><\/span> <\/label>\n<\/p>\n<p><label> J\u016bs\u0173 el. pa\u0161to adresas<br \/>\n<span class=\"wpcf7-form-control-wrap\" data-name=\"your-email\"><input size=\"40\" maxlength=\"400\" class=\"wpcf7-form-control wpcf7-email wpcf7-validates-as-required wpcf7-text wpcf7-validates-as-email\" aria-required=\"true\" aria-invalid=\"false\" value=\"\" type=\"email\" name=\"your-email\" \/><\/span> <\/label>\n<\/p>\n<p><label> Tema<br \/>\n<span class=\"wpcf7-form-control-wrap\" data-name=\"your-subject\"><input size=\"40\" maxlength=\"400\" class=\"wpcf7-form-control wpcf7-text wpcf7-validates-as-required\" aria-required=\"true\" aria-invalid=\"false\" value=\"\" type=\"text\" name=\"your-subject\" \/><\/span> <\/label>\n<\/p>\n<p><label> \u017dinut\u0117<br \/>\n<span class=\"wpcf7-form-control-wrap\" data-name=\"your-message\"><textarea cols=\"40\" rows=\"10\" maxlength=\"2000\" class=\"wpcf7-form-control wpcf7-textarea wpcf7-validates-as-required\" aria-required=\"true\" aria-invalid=\"false\" name=\"your-message\"><\/textarea><\/span> <\/label>\n<\/p>\n<p><input class=\"wpcf7-form-control wpcf7-submit has-spinner\" type=\"submit\" value=\"Si\u0173sti\" \/>\n<\/p><div class=\"wpcf7-response-output\" aria-hidden=\"true\"><\/div>\n<\/form>\n<\/div>\n<\/div><\/div><\/div><div class=\"vc_col-sm-3 wpb_column vc_column_container\"><div class=\"vc_column-inner\"><div class=\"wpb_wrapper\"><\/div><\/div><\/div><\/div><\/div><\/section>\n","protected":false},"excerpt":{"rendered":"","protected":false},"author":7,"featured_media":0,"parent":0,"menu_order":0,"comment_status":"closed","ping_status":"closed","template":"","meta":{"_acf_changed":false,"footnotes":""},"class_list":["post-600","page","type-page","status-publish","hentry"],"acf":[],"yoast_head":"<!-- This site is optimized with the Yoast SEO plugin v20.12 - https:\/\/yoast.com\/wordpress\/plugins\/seo\/ -->\n<title>Kontakt\u0173 forma - Your Letters From Patrick<\/title>\n<meta name=\"robots\" content=\"index, follow, max-snippet:-1, max-image-preview:large, max-video-preview:-1\" \/>\n<link rel=\"canonical\" href=\"https:\/\/yourlettersfrompatrick.com\/lt\/kontaktu-forma\/\" \/>\n<meta property=\"og:locale\" content=\"lt_LT\" \/>\n<meta property=\"og:type\" content=\"article\" \/>\n<meta property=\"og:title\" content=\"Kontakt\u0173 forma - Your Letters From Patrick\" \/>\n<meta property=\"og:url\" content=\"https:\/\/yourlettersfrompatrick.com\/lt\/kontaktu-forma\/\" \/>\n<meta property=\"og:site_name\" content=\"Your Letters From Patrick\" \/>\n<meta property=\"article:modified_time\" content=\"2020-12-17T09:57:20+00:00\" \/>\n<meta name=\"twitter:card\" content=\"summary_large_image\" \/>\n<script type=\"application\/ld+json\" class=\"yoast-schema-graph\">{\"@context\":\"https:\/\/schema.org\",\"@graph\":[{\"@type\":\"WebPage\",\"@id\":\"https:\/\/yourlettersfrompatrick.com\/lt\/kontaktu-forma\/\",\"url\":\"https:\/\/yourlettersfrompatrick.com\/lt\/kontaktu-forma\/\",\"name\":\"Kontakt\u0173 forma - Your Letters From Patrick\",\"isPartOf\":{\"@id\":\"https:\/\/yourlettersfrompatrick.com\/lt\/#website\"},\"datePublished\":\"2020-12-08T11:58:31+00:00\",\"dateModified\":\"2020-12-17T09:57:20+00:00\",\"breadcrumb\":{\"@id\":\"https:\/\/yourlettersfrompatrick.com\/lt\/kontaktu-forma\/#breadcrumb\"},\"inLanguage\":\"lt-LT\",\"potentialAction\":[{\"@type\":\"ReadAction\",\"target\":[\"https:\/\/yourlettersfrompatrick.com\/lt\/kontaktu-forma\/\"]}]},{\"@type\":\"BreadcrumbList\",\"@id\":\"https:\/\/yourlettersfrompatrick.com\/lt\/kontaktu-forma\/#breadcrumb\",\"itemListElement\":[{\"@type\":\"ListItem\",\"position\":1,\"name\":\"Home\",\"item\":\"https:\/\/yourlettersfrompatrick.com\/lt\/\"},{\"@type\":\"ListItem\",\"position\":2,\"name\":\"Kontakt\u0173 forma\"}]},{\"@type\":\"WebSite\",\"@id\":\"https:\/\/yourlettersfrompatrick.com\/lt\/#website\",\"url\":\"https:\/\/yourlettersfrompatrick.com\/lt\/\",\"name\":\"Your Letters From Patrick\",\"description\":\"Letters subscription service\",\"potentialAction\":[{\"@type\":\"SearchAction\",\"target\":{\"@type\":\"EntryPoint\",\"urlTemplate\":\"https:\/\/yourlettersfrompatrick.com\/lt\/?s={search_term_string}\"},\"query-input\":\"required name=search_term_string\"}],\"inLanguage\":\"lt-LT\"}]}<\/script>\n<!-- \/ Yoast SEO plugin. -->","yoast_head_json":{"title":"Kontakt\u0173 forma - Your Letters From Patrick","robots":{"index":"index","follow":"follow","max-snippet":"max-snippet:-1","max-image-preview":"max-image-preview:large","max-video-preview":"max-video-preview:-1"},"canonical":"https:\/\/yourlettersfrompatrick.com\/lt\/kontaktu-forma\/","og_locale":"lt_LT","og_type":"article","og_title":"Kontakt\u0173 forma - Your Letters From Patrick","og_url":"https:\/\/yourlettersfrompatrick.com\/lt\/kontaktu-forma\/","og_site_name":"Your Letters From Patrick","article_modified_time":"2020-12-17T09:57:20+00:00","twitter_card":"summary_large_image","schema":{"@context":"https:\/\/schema.org","@graph":[{"@type":"WebPage","@id":"https:\/\/yourlettersfrompatrick.com\/lt\/kontaktu-forma\/","url":"https:\/\/yourlettersfrompatrick.com\/lt\/kontaktu-forma\/","name":"Kontakt\u0173 forma - Your Letters From Patrick","isPartOf":{"@id":"https:\/\/yourlettersfrompatrick.com\/lt\/#website"},"datePublished":"2020-12-08T11:58:31+00:00","dateModified":"2020-12-17T09:57:20+00:00","breadcrumb":{"@id":"https:\/\/yourlettersfrompatrick.com\/lt\/kontaktu-forma\/#breadcrumb"},"inLanguage":"lt-LT","potentialAction":[{"@type":"ReadAction","target":["https:\/\/yourlettersfrompatrick.com\/lt\/kontaktu-forma\/"]}]},{"@type":"BreadcrumbList","@id":"https:\/\/yourlettersfrompatrick.com\/lt\/kontaktu-forma\/#breadcrumb","itemListElement":[{"@type":"ListItem","position":1,"name":"Home","item":"https:\/\/yourlettersfrompatrick.com\/lt\/"},{"@type":"ListItem","position":2,"name":"Kontakt\u0173 forma"}]},{"@type":"WebSite","@id":"https:\/\/yourlettersfrompatrick.com\/lt\/#website","url":"https:\/\/yourlettersfrompatrick.com\/lt\/","name":"Your Letters From Patrick","description":"Letters subscription service","potentialAction":[{"@type":"SearchAction","target":{"@type":"EntryPoint","urlTemplate":"https:\/\/yourlettersfrompatrick.com\/lt\/?s={search_term_string}"},"query-input":"required name=search_term_string"}],"inLanguage":"lt-LT"}]}},"_links":{"self":[{"href":"https:\/\/yourlettersfrompatrick.com\/lt\/wp-json\/wp\/v2\/pages\/600"}],"collection":[{"href":"https:\/\/yourlettersfrompatrick.com\/lt\/wp-json\/wp\/v2\/pages"}],"about":[{"href":"https:\/\/yourlettersfrompatrick.com\/lt\/wp-json\/wp\/v2\/types\/page"}],"author":[{"embeddable":true,"href":"https:\/\/yourlettersfrompatrick.com\/lt\/wp-json\/wp\/v2\/users\/7"}],"replies":[{"embeddable":true,"href":"https:\/\/yourlettersfrompatrick.com\/lt\/wp-json\/wp\/v2\/comments?post=600"}],"version-history":[{"count":0,"href":"https:\/\/yourlettersfrompatrick.com\/lt\/wp-json\/wp\/v2\/pages\/600\/revisions"}],"wp:attachment":[{"href":"https:\/\/yourlettersfrompatrick.com\/lt\/wp-json\/wp\/v2\/media?parent=600"}],"curies":[{"name":"wp","href":"https:\/\/api.w.org\/{rel}","templated":true}]}}